{"id":2,"date":"2024-09-26T13:55:36","date_gmt":"2024-09-26T13:55:36","guid":{"rendered":"https:\/\/site.afvilasboas.pt\/?page_id=2"},"modified":"2025-03-18T11:53:15","modified_gmt":"2025-03-18T11:53:15","slug":"home","status":"publish","type":"page","link":"https:\/\/portal.afvilasboas.pt\/","title":{"rendered":"Home"},"content":{"rendered":"\n<div class=\"wp-block-stackable-columns alignfull stk-block-columns stk-block stk-242acad stk-block-background stk--has-background-overlay\" data-block-id=\"242acad\"><style>.stk-242acad {background-color:#424267 !important;background-image:url(https:\/\/portal.afvilasboas.pt\/wp-content\/uploads\/2025\/03\/portal_capa_2025_central.png) !important;padding-top:80px !important;padding-bottom:80px !important;margin-bottom:0px !important;}.stk-242acad:before{background-color:#424267 !important;opacity:0.5 !important;}.stk-242acad > .stk-separator__top .stk-separator__wrapper{transform:scaleX(1) !important;}.stk-242acad-column{--stk-column-gap:35px !important;}@media screen and (max-width:999px){.stk-242acad {padding-top:250px !important;padding-bottom:150px !important;}}@media screen and (max-width:689px){.stk-242acad {padding-top:150px !important;padding-bottom:100px !important;}}<\/style><div class=\"stk-row stk-inner-blocks stk-block-content stk-content-align stk-242acad-column\">\n<div class=\"wp-block-stackable-column stk-block-column stk-column stk-block stk-656155e\" data-v=\"4\" data-block-id=\"656155e\"><style>.stk-656155e-container{margin-top:0px !important;margin-right:0px !important;margin-bottom:0px !important;margin-left:0px !important;}@media screen and (min-width:690px){.stk-656155e {flex:var(--stk-flex-grow, 1) 1 calc(77.4% - var(--stk-column-gap, 0px) * 1 \/ 2 ) !important;}}@media screen and (min-width:690px) and (max-width:999px){.stk-656155e {flex:var(--stk-flex-grow, 1) 1 calc(100% - var(--stk-column-gap, 0px) * 0 \/ 1 ) !important;}}<\/style><div class=\"stk-column-wrapper stk-block-column__content stk-container stk-656155e-container stk--no-background stk--no-padding\"><div class=\"has-text-align-left has-text-align-center-tablet stk-block-content stk-inner-blocks stk-656155e-inner-blocks\">\n<div class=\"wp-block-group is-layout-constrained wp-block-group-is-layout-constrained\"><\/div>\n\n\n\n<div class=\"wp-block-stackable-spacer stk-block-spacer stk--no-padding stk-block stk-207f377\" data-block-id=\"207f377\"><style>.stk-207f377 {height:110px !important;}<\/style><\/div>\n\n\n\n<div class=\"wp-block-stackable-columns stk-block-columns stk-block stk-8d87f89\" data-block-id=\"8d87f89\"><div class=\"stk-row stk-inner-blocks stk-block-content stk-content-align stk-8d87f89-column\">\n<div class=\"wp-block-stackable-column stk-block-column stk-column stk-block stk-542457d\" data-v=\"4\" data-block-id=\"542457d\"><style>@media screen and (min-width:690px){.stk-542457d {flex:var(--stk-flex-grow, 1) 1 calc(12.099999999999994% - var(--stk-column-gap, 0px) * 1 \/ 2 ) !important;}}<\/style><div class=\"stk-column-wrapper stk-block-column__content stk-container stk-542457d-container stk--no-background stk--no-padding\"><div class=\"stk-block-content stk-inner-blocks stk-542457d-inner-blocks\">\n<div class=\"wp-block-stackable-button-group stk-block-button-group stk-block stk-6aea495\" data-block-id=\"6aea495\"><div class=\"stk-row stk-inner-blocks stk-block-content stk-button-group\">\n<div class=\"wp-block-stackable-icon-button stk-block-icon-button stk-block stk-9a2c41e\" data-block-id=\"9a2c41e\"><style>.stk-9a2c41e .stk-button{background:#d39b00 !important;}.stk-9a2c41e .stk-button .stk--inner-svg svg:last-child{height:50px !important;width:50px !important;}<\/style><a class=\"stk-link stk-button stk--hover-effect-darken\" href=\"\"><span class=\"stk--svg-wrapper\"><div class=\"stk--inner-svg\"><svg xmlns=\"http:\/\/www.w3.org\/2000\/svg\" viewBox=\"0 0 512 512\" aria-hidden=\"true\" width=\"32\" height=\"32\"><path d=\"M256 288A144 144 0 1 0 256 0a144 144 0 1 0 0 288zm-94.7 32C72.2 320 0 392.2 0 481.3c0 17 13.8 30.7 30.7 30.7H481.3c17 0 30.7-13.8 30.7-30.7C512 392.2 439.8 320 350.7 320H161.3z\"><\/path><\/svg><\/div><\/span><\/a><\/div>\n<\/div><\/div>\n<\/div><\/div><\/div>\n\n\n\n<div class=\"wp-block-stackable-column stk-block-column stk-column stk-block stk-2525146\" data-v=\"4\" data-block-id=\"2525146\"><style>@media screen and (min-width:690px){.stk-2525146 {flex:var(--stk-flex-grow, 1) 1 calc(87.9% - var(--stk-column-gap, 0px) * 1 \/ 2 ) !important;}}<\/style><div class=\"stk-column-wrapper stk-block-column__content stk-container stk-2525146-container stk--no-background stk--no-padding\"><div class=\"stk-block-content stk-inner-blocks stk-2525146-inner-blocks\">\n<div class=\"wp-block-stackable-heading stk-block-heading stk-block-heading--v2 stk-block stk-81061ec\" id=\"span-style-color-var-theme-palette-color-8-ffffff-class-stk-highlight-portal-span\" data-block-id=\"81061ec\"><h1 class=\"stk-block-heading__text\"><span style=\"color: var(--theme-palette-color-8, #ffffff);\" class=\"stk-highlight\">PORTAL<\/span><\/h1><\/div>\n<\/div><\/div><\/div>\n<\/div><\/div>\n<\/div><\/div><\/div>\n\n\n\n<div class=\"wp-block-stackable-column stk-block-column stk-column stk-block stk-df3537e\" data-v=\"4\" data-block-id=\"df3537e\"><style>.stk-df3537e-container{margin-top:0px !important;margin-right:0px !important;margin-bottom:0px !important;margin-left:0px !important;}@media screen and (min-width:690px){.stk-df3537e {flex:var(--stk-flex-grow, 1) 1 calc(22.599999999999994% - var(--stk-column-gap, 0px) * 1 \/ 2 ) !important;}}@media screen and (min-width:690px) and (max-width:999px){.stk-df3537e {flex:var(--stk-flex-grow, 1) 1 calc(100% - var(--stk-column-gap, 0px) * 0 \/ 1 ) !important;}}<\/style><div class=\"stk-column-wrapper stk-block-column__content stk-container stk-df3537e-container stk--no-background stk--no-padding\"><div class=\"stk-block-content stk-inner-blocks stk-df3537e-inner-blocks\"><\/div><\/div><\/div>\n<\/div><\/div>\n\n\n\n<div class=\"wp-block-stackable-spacer stk-block-spacer stk--no-padding stk-block stk-b2c1613\" data-block-id=\"b2c1613\"><style>.stk-b2c1613 {height:50px !important;}@media screen and (max-width:999px){.stk-b2c1613 {height:70px !important;}}<\/style><\/div>\n\n\n\n<div class=\"wp-block-stackable-columns stk-block-columns stk-block stk-1c87339\" data-block-id=\"1c87339\"><style>.stk-1c87339 {margin-bottom:35px !important;}<\/style><div class=\"stk-row stk-inner-blocks stk-block-content stk-content-align stk-1c87339-column\">\n<div class=\"wp-block-stackable-column stk-block-column stk-column stk-block stk-3b3a7bf\" data-v=\"4\" data-block-id=\"3b3a7bf\"><style>.stk-3b3a7bf-container{margin-top:0px !important;margin-right:auto !important;margin-bottom:0px !important;margin-left:auto !important;max-width:100% !important;min-width:auto !important;}@media screen and (max-width:689px){.stk-3b3a7bf-container{max-width:100% !important;min-width:auto !important;}}<\/style><div class=\"stk-column-wrapper stk-block-column__content stk-container stk-3b3a7bf-container stk--no-background stk--no-padding\"><div class=\"stk-block-content stk-inner-blocks stk-3b3a7bf-inner-blocks\">\n<div class=\"wp-block-stackable-heading stk-block-heading stk-block-heading--v2 stk-block stk-832373a\" id=\"portal-de-denuuncias-denuncia\" data-block-id=\"832373a\"><style>.stk-832373a {margin-bottom:32px !important;}.stk-832373a .stk-block-heading__text{font-size:45px !important;line-height:1.3em !important;font-weight:800 !important;}@media screen and (max-width:999px){.stk-832373a .stk-block-heading__text{font-size:25px !important;}}<\/style><h2 class=\"stk-block-heading__text has-text-align-center\">Bem-Vindo!<\/h2><\/div>\n\n\n\n<p>Este \u00e9 o espa\u00e7o dedicado aos nossos funcion\u00e1rios, onde poder\u00e3o aceder a recursos essenciais para o seu dia-a-dia de trabalho na AF.<\/p>\n\n\n\n<p>Para garantir a seguran\u00e7a e a confidencialidade das informa\u00e7\u00f5es, o acesso a este portal \u00e9 <strong>restrito<\/strong>. Para entrar, basta realizar o seu <strong>REGISTO<\/strong>, criando um <strong>login <\/strong>e uma <strong>password <\/strong>pessoais. Ap\u00f3s o registo, poder\u00e1 aceder a todo o conte\u00fado dispon\u00edvel de forma segura e personalizada.<\/p>\n\n\n\n<p>Se j\u00e1 possui uma conta, clique em <strong>ENTRAR <\/strong>e fa\u00e7a o seu <strong>login<\/strong>. Caso ainda n\u00e3o tenha conta, <strong>registe-se<\/strong> agora para criar o seu acesso.<\/p>\n\n\n\n<p>Se precisar de ajuda ou tiver qualquer d\u00favida, entre em contacto com o Departamento da Qualidade da empresa.<\/p>\n\n\n\n<p>Obrigado!<\/p>\n<\/div><\/div><\/div>\n<\/div><\/div>\n\n\n\n<div class=\"wp-block-stackable-spacer stk-block-spacer stk--no-padding stk-block stk-6bd47ca\" data-block-id=\"6bd47ca\"><style>.stk-6bd47ca {height:50px !important;}@media screen and (max-width:999px){.stk-6bd47ca {height:70px !important;}}<\/style><\/div>\n\n\n\n<div class=\"wp-block-buttons is-content-justification-center is-layout-flex wp-container-core-buttons-is-layout-a89b3969 wp-block-buttons-is-layout-flex\">\n<div class=\"wp-block-button\"><a class=\"wp-block-button__link has-background wp-element-button\" href=\"https:\/\/portal.afvilasboas.pt\/index.php\/portal\/\" style=\"background-color:#aa992b\">ENTRAR<\/a><\/div>\n<\/div>\n\n\n\n<div class=\"wp-block-stackable-spacer stk-block-spacer stk--no-padding stk-block stk-9f7d701\" data-block-id=\"9f7d701\"><style>.stk-9f7d701 {height:10px !important;}<\/style><\/div>\n\n\n\n<div class=\"wp-block-stackable-spacer stk-block-spacer stk--no-padding stk-block stk-52ad827\" data-block-id=\"52ad827\"><style>.stk-52ad827 {height:10px !important;}<\/style><\/div>\n","protected":false},"excerpt":{"rendered":"<p>PORTAL Bem-Vindo! Este \u00e9 o espa\u00e7o dedicado aos nossos funcion\u00e1rios, onde poder\u00e3o aceder a recursos essenciais para o seu dia-a-dia de trabalho na AF. Para garantir a seguran\u00e7a e a confidencialidade das informa\u00e7\u00f5es, o acesso a este portal \u00e9 restrito. Para entrar, basta realizar o seu REGISTO, criando um login e uma password pessoais. Ap\u00f3s [&hellip;]<\/p>\n","protected":false},"author":1,"featured_media":0,"parent":0,"menu_order":0,"comment_status":"closed","ping_status":"closed","template":"","meta":{"footnotes":""},"class_list":["post-2","page","type-page","status-publish","hentry"],"blocksy_meta":{"content_style_source":"custom","content_style":"boxed","vertical_spacing_source":"custom","styles_descriptor":{"styles":{"desktop":"[data-prefix=\"single_page\"] [class*=\"ct-container\"] > article[class*=\"post\"] {--has-boxed:var(--true);--has-wide:var(--false);background-color:var(--has-background, var(--theme-palette-color-8));--theme-boxed-content-border-radius:3px;--theme-boxed-content-spacing:40px;--theme-boxed-content-box-shadow:0px 12px 18px -6px rgba(34, 56, 101, 0.04);}","tablet":"[data-prefix=\"single_page\"] [class*=\"ct-container\"] > article[class*=\"post\"] {--theme-boxed-content-spacing:35px;}","mobile":"[data-prefix=\"single_page\"] [class*=\"ct-container\"] > article[class*=\"post\"] {--theme-boxed-content-spacing:20px;}"},"google_fonts":[],"version":6}},"_links":{"self":[{"href":"https:\/\/portal.afvilasboas.pt\/index.php\/wp-json\/wp\/v2\/pages\/2","targetHints":{"allow":["GET"]}}],"collection":[{"href":"https:\/\/portal.afvilasboas.pt\/index.php\/wp-json\/wp\/v2\/pages"}],"about":[{"href":"https:\/\/portal.afvilasboas.pt\/index.php\/wp-json\/wp\/v2\/types\/page"}],"author":[{"embeddable":true,"href":"https:\/\/portal.afvilasboas.pt\/index.php\/wp-json\/wp\/v2\/users\/1"}],"replies":[{"embeddable":true,"href":"https:\/\/portal.afvilasboas.pt\/index.php\/wp-json\/wp\/v2\/comments?post=2"}],"version-history":[{"count":133,"href":"https:\/\/portal.afvilasboas.pt\/index.php\/wp-json\/wp\/v2\/pages\/2\/revisions"}],"predecessor-version":[{"id":815,"href":"https:\/\/portal.afvilasboas.pt\/index.php\/wp-json\/wp\/v2\/pages\/2\/revisions\/815"}],"wp:attachment":[{"href":"https:\/\/portal.afvilasboas.pt\/index.php\/wp-json\/wp\/v2\/media?parent=2"}],"curies":[{"name":"wp","href":"https:\/\/api.w.org\/{rel}","templated":true}]}}